{"id":206524,"date":"2020-06-18T13:02:21","date_gmt":"2020-06-18T11:02:21","guid":{"rendered":"https:\/\/wareyl.fr\/site\/?page_id=206524"},"modified":"2020-06-18T13:54:21","modified_gmt":"2020-06-18T11:54:21","slug":"wmusicbot","status":"publish","type":"page","link":"https:\/\/wareyl.fr\/site\/wmusicbot\/","title":{"rendered":"wMusicBot"},"content":{"rendered":"<p>[et_pb_section fb_built=\u00a0\u00bb1&Prime; module_id=\u00a0\u00bbfullsection\u00a0\u00bb _builder_version=\u00a0\u00bb4.4.2&Prime;][et_pb_row column_structure=\u00a0\u00bb1_2,1_2&Prime; _builder_version=\u00a0\u00bb4.4.2&Prime; width=\u00a0\u00bb100%\u00a0\u00bb max_width=\u00a0\u00bb100%\u00a0\u00bb custom_margin=\u00a0\u00bb-50px||||false|false\u00a0\u00bb][et_pb_column type=\u00a0\u00bb1_2&Prime; _builder_version=\u00a0\u00bb4.4.2&Prime;][et_pb_text _builder_version=\u00a0\u00bb4.4.2&Prime; text_text_color=\u00a0\u00bb#ffffff\u00a0\u00bb text_font_size=\u00a0\u00bb29px\u00a0\u00bb text_line_height=\u00a0\u00bb1.1em\u00a0\u00bb custom_margin=\u00a0\u00bb||6px|30px|false|false\u00a0\u00bb custom_padding=\u00a0\u00bb||||false|false\u00a0\u00bb hover_enabled=\u00a0\u00bb0&Prime;]<strong><img loading=\"lazy\" decoding=\"async\" class=\"imgvalign\" src=\"https:\/\/wareyl.fr\/site\/wp-content\/uploads\/2020\/06\/MUSICBOT.svg\" width=\"30\" height=\"30\" alt=\"\" class=\"wp-image-206519 alignnone size-medium\" \/>\u00a0wMusicBot :\u00a0<\/strong>Lecture de musique[\/et_pb_text][et_pb_text _builder_version=\u00a0\u00bb4.4.2&Prime; text_font_size=\u00a0\u00bb21px\u00a0\u00bb custom_margin=\u00a0\u00bb30px|||30px|false|false\u00a0\u00bb]<\/p>\n<p id=\"u8080-2\"><span>Ce bot est l\u2019h\u00e9bergement du bot cr\u00e9\u00e9 par Jagrosh\u00a0<\/span><a class=\"nonblock\" href=\"https:\/\/github.com\/jagrosh\/MusicBot\">https:\/\/github.com\/jagrosh\/MusicBot<\/a><span>, malgr\u00e9 beaucoup de demandes je ne pourrais malheureusement pas le traduire en fran\u00e7ais, pour des raisons de licences.<\/span><\/p>\n<p>[\/et_pb_text][\/et_pb_column][et_pb_column type=\u00a0\u00bb1_2&Prime; _builder_version=\u00a0\u00bb4.4.2&Prime;][et_pb_button button_url=\u00a0\u00bbhttps:\/\/discordapp.com\/oauth2\/authorize?scope=bot&#038;client_id=510942802050285597&#038;permissions=8&Prime; button_text=\u00a0\u00bbInviter le bot\u00a0\u00bb button_alignment=\u00a0\u00bbright\u00a0\u00bb _builder_version=\u00a0\u00bb4.4.2&Prime; custom_button=\u00a0\u00bbon\u00a0\u00bb button_text_color=\u00a0\u00bb#ffffff\u00a0\u00bb custom_margin=\u00a0\u00bb|30px|||false|false\u00a0\u00bb][\/et_pb_button][\/et_pb_column][\/et_pb_row][\/et_pb_section]<\/p>\n","protected":false},"excerpt":{"rendered":"<p>\u00a0wMusicBot :\u00a0Lecture de musiqueCe bot est l\u2019h\u00e9bergement du bot cr\u00e9\u00e9 par Jagrosh\u00a0https:\/\/github.com\/jagrosh\/MusicBot, malgr\u00e9 beaucoup de demandes je ne pourrais malheureusement pas le traduire en fran\u00e7ais, pour des raisons de licences.<\/p>\n","protected":false},"author":1,"featured_media":0,"parent":0,"menu_order":0,"comment_status":"closed","ping_status":"closed","template":"","meta":{"_et_pb_use_builder":"on","_et_pb_old_content":"<!-- wp:divi\/placeholder \/-->","_et_gb_content_width":"","inline_featured_image":false,"footnotes":""},"_links":{"self":[{"href":"https:\/\/wareyl.fr\/site\/wp-json\/wp\/v2\/pages\/206524"}],"collection":[{"href":"https:\/\/wareyl.fr\/site\/wp-json\/wp\/v2\/pages"}],"about":[{"href":"https:\/\/wareyl.fr\/site\/wp-json\/wp\/v2\/types\/page"}],"author":[{"embeddable":true,"href":"https:\/\/wareyl.fr\/site\/wp-json\/wp\/v2\/users\/1"}],"replies":[{"embeddable":true,"href":"https:\/\/wareyl.fr\/site\/wp-json\/wp\/v2\/comments?post=206524"}],"version-history":[{"count":0,"href":"https:\/\/wareyl.fr\/site\/wp-json\/wp\/v2\/pages\/206524\/revisions"}],"wp:attachment":[{"href":"https:\/\/wareyl.fr\/site\/wp-json\/wp\/v2\/media?parent=206524"}],"curies":[{"name":"wp","href":"https:\/\/api.w.org\/{rel}","templated":true}]}}